{"id":55,"date":"2014-01-29T22:24:42","date_gmt":"2014-01-29T20:24:42","guid":{"rendered":"http:\/\/www.ff-oberbach.de\/?page_id=55"},"modified":"2016-05-03T16:04:12","modified_gmt":"2016-05-03T14:04:12","slug":"feuerloescher","status":"publish","type":"page","link":"https:\/\/www.ff-oberbach.de\/?page_id=55","title":{"rendered":"Feuerl\u00f6scher"},"content":{"rendered":"<div id=\"pl-55\"  class=\"panel-layout\" ><div id=\"pg-55-0\"  class=\"panel-grid panel-has-style\" ><div style=\"padding: 0px 0; \" data-overlay=\"true\" class=\"panel-row-style panel-row-style-for-55-0\" ><div id=\"pgc-55-0-0\"  class=\"panel-grid-cell\" ><div id=\"panel-55-0-0-0\" class=\"so-panel widget widget_black-studio-tinymce widget_black_studio_tinymce panel-first-child panel-last-child\" data-index=\"0\" ><h3 class=\"widget-title\">Feuerl\u00f6scher<\/h3><div class=\"textwidget\"><\/div><\/div><\/div><\/div><\/div><div id=\"pg-55-1\"  class=\"panel-grid panel-has-style\" ><div style=\"padding: 0px 0; \" data-overlay=\"true\" class=\"panel-row-style panel-row-style-for-55-1\" ><div id=\"pgc-55-1-0\"  class=\"panel-grid-cell\" ><div id=\"panel-55-1-0-0\" class=\"so-panel widget widget_sow-editor panel-first-child panel-last-child\" data-index=\"1\" ><div\n\t\t\t\n\t\t\tclass=\"so-widget-sow-editor so-widget-sow-editor-base\"\n\t\t\t\n\t\t>\n<div class=\"siteorigin-widget-tinymce textwidget\">\n\t<p style=\"text-align: justify;\"><img decoding=\"async\" loading=\"lazy\" class=\"shrinkToFit alignleft\" src=\"https:\/\/upload.wikimedia.org\/wikipedia\/commons\/thumb\/3\/3e\/ISO_7010_F001.svg\/2000px-ISO_7010_F001.svg.png\" alt=\"https:\/\/upload.wikimedia.org\/wikipedia\/commons\/thumb\/3\/3e\/ISO_7010_F001.svg\/2000px-ISO_7010_F001.svg.png\" width=\"192\" height=\"192\" \/><\/p>\n<p style=\"text-align: justify;\">Merken Sie sich dieses Symbol:\u00a0\u00dcberall dort, wo Sie dieses Zeichen sehen, finden Sie einen Feuerl\u00f6scher. Unter Umst\u00e4nden finden Sie in einigen \u00e4lteren Geb\u00e4uden auch noch das fr\u00fchere Zeichen zur Feuerl\u00f6scherkennzeichnung: ein rotes Quadrat, darin ein gro\u00dfes, rotes \u201cF\u201d auf wei\u00dfem Grund. Dieses Zeichen ist heute nicht mehr zugelassen und muss durch das besser verst\u00e4ndliche Piktogramm ausgestauscht werden. Nehmen Sie Feuerl\u00f6scher niemals zum Spa\u00df von der Wand oder aus dem Feuerl\u00f6scherschrank \u2013 manchmal ist mit der Entnahme des Feuerl\u00f6schers ein automatischer Feueralarm gekoppelt.<\/p>\n<h2>\u00a0<\/h2>\n<p>\u00a0<\/p>\n<h3>WICHTIGE REGELN F\u00dcR DEN FEUERL\u00d6SCHER-EINSATZ<\/h3>\n<div>\n<table width=\"100%\">\n<tbody>\n<tr>\n<td align=\"left\" valign=\"top\" width=\"50%\"><img decoding=\"async\" loading=\"lazy\" src=\"http:\/\/www.feuerwehr-verden.de\/images\/feuerloeescher1table50.gif\" alt=\"\" width=\"206\" height=\"72\" border=\"0\" \/><\/td>\n<td align=\"left\" valign=\"top\" width=\"50%\"><b>REGEL 1:<\/b>\u00a0L\u00f6schen Sie immer mit, aber niemals gegen die Windrichtung. So k\u00f6nnen Sie nicht nur mehr erkennen, ihnen bleibt auch das Einatmen des giftigen Brandrauches erspart. Und auch das L\u00f6schpulver des Feuerl\u00f6schers \u201cstaubt\u201d und ist beim Einatmen nicht unbedingt \u201cgesundheitsf\u00f6rdernd\u201d.<\/td>\n<\/tr>\n<tr>\n<td align=\"left\" valign=\"top\" width=\"50%\"><img decoding=\"async\" loading=\"lazy\" src=\"http:\/\/www.feuerwehr-verden.de\/images\/feuerloescher2table50.gif\" alt=\"\" width=\"218\" height=\"70\" border=\"0\" \/><\/td>\n<td align=\"left\" valign=\"top\" width=\"50%\"><b>REGEL 2:<\/b>\u00a0Beginnen Sie Ihren L\u00f6schangriff stets von vorne unten. Das gilt gerade bei Fl\u00e4chenbr\u00e4nden. Wird ein Feuerl\u00f6scher einfach nur \u201cdrauf gehalten\u201d, k\u00f6nnen sich die Flammen seitw\u00e4rts ausbreiten.<\/td>\n<\/tr>\n<tr>\n<td align=\"left\" valign=\"top\" width=\"50%\"><img decoding=\"async\" loading=\"lazy\" src=\"http:\/\/www.feuerwehr-verden.de\/images\/feuerloescher3table50.gif\" alt=\"\" width=\"210\" height=\"86\" border=\"0\" \/><\/td>\n<td align=\"left\" valign=\"top\" width=\"50%\"><b>REGEL 3:\u00a0<\/b>Tropf- oder Flie\u00dfbr\u00e4nde (z.B. aus Tanks- oder Leitungen) immer von oben nach unten l\u00f6schen. Sonst flie\u00dft immer brennende Fl\u00fcssigkeit in die Flammen nach.<\/td>\n<\/tr>\n<tr>\n<td align=\"left\" valign=\"top\" width=\"50%\"><img decoding=\"async\" loading=\"lazy\" src=\"http:\/\/www.feuerwehr-verden.de\/images\/feuerloescher4table50.gif\" alt=\"\" width=\"205\" height=\"77\" border=\"0\" \/><\/td>\n<td align=\"left\" valign=\"top\" width=\"50%\"><b>REGEL 4:\u00a0<\/b>Sollten Sie mehrere Feuerl\u00f6scher und Helfer zur Hand haben, l\u00f6schen Sie nicht nacheinander, sondern gleichzeitig. Gemeinsam sind Sie stark \u2013 und ein Entstehungsbrand hat keine Chance.<\/td>\n<\/tr>\n<tr>\n<td align=\"left\" valign=\"top\" width=\"50%\"><img decoding=\"async\" loading=\"lazy\" src=\"http:\/\/www.feuerwehr-verden.de\/images\/feuerloescher5table50.gif\" alt=\"\" width=\"168\" height=\"68\" border=\"0\" \/><\/td>\n<td align=\"left\" valign=\"top\" width=\"50%\"><b>REGEL 5:\u00a0<\/b>Auch wenn das Feuer vermeintlich gel\u00f6scht ist \u2013 behalten Sie die Brandstelle im Auge. M\u00f6glicherweise kommt es zu einer R\u00fcckz\u00fcndung.<\/td>\n<\/tr>\n<tr>\n<td align=\"left\" valign=\"top\" width=\"50%\"><img decoding=\"async\" loading=\"lazy\" src=\"http:\/\/www.feuerwehr-verden.de\/images\/feuerloescher6table50.gif\" alt=\"\" width=\"218\" height=\"72\" border=\"0\" \/><\/td>\n<td align=\"left\" valign=\"top\" width=\"50%\"><b>REGEL 6:<\/b>\u00a0Unmittelbar nach dem Gebrauch m\u00fcssen Feuerl\u00f6scher immer von Fachpersonal (siehe z.B. \u201cGelbe Seiten\u201d) aufgef\u00fcllt und gewartet werden. Das gilt auch, wenn nicht das gesamte L\u00f6schmittel verbraucht wurde. Erst dann d\u00fcrfen die L\u00f6scher wieder aufgeh\u00e4ngt oder aufgestellt werden.<\/td>\n<\/tr>\n<\/tbody>\n<\/table>\n<\/div>\n<h3>\u00a0<\/h3>\n<h3>WAS SIE \u00dcBER FEUERL\u00d6SCHER WISSEN M\u00dcSSEN<\/h3>\n<div>\n<p style=\"text-align: justify;\"><a href=\"http:\/\/www.feuerwehr-verden.de\/images\/feuerloescheralt.jpg\" target=\"_blank\"><img decoding=\"async\" loading=\"lazy\" src=\"http:\/\/www.feuerwehr-verden.de\/images\/feuerloescheralt_120.jpg\" alt=\"\" width=\"120\" height=\"84\" border=\"0\" \/><\/a>Letzter Pr\u00fcftermin: Werkskontrolle im November 1983. Dieser L\u00f6scher darf ohne Pr\u00fcfung nicht eingesetzt werden! Das Pulver d\u00fcrfte verh\u00e4rtet sein.<\/p>\n<\/div>\n<div>\n<p style=\"text-align: justify;\">Sie sind der stolze Besitzer eines Feuerl\u00f6schers? Das ist sehr gut. Wissen Sie aber auch, wann Ihr Feuerl\u00f6scher zum letzten Mal gewartet wurde? Nein? Vielleicht noch nie? Das sollten Sie so schnell wie m\u00f6glich \u00e4ndern. Insbesondere Pulverl\u00f6scher m\u00fcssen alle zwei Jahre gepr\u00fcft werden. Ansonsten kann das L\u00f6schmittel verh\u00e4rten, das Ger\u00e4t w\u00e4re im Ernstfall nutzlos.<\/p>\n<p style=\"text-align: justify;\">Jeder Feuerl\u00f6scher tr\u00e4gt das Datum der Endkontrolle (siehe Bild rechts). Wird er gewartet, wird dar\u00fcber ein Pr\u00fcfsiegel mit dem letzten Kontrolldatum aufgeklebt. Bitte pr\u00fcfen Sie dieses Siegel oder das Endkontrolldatum. Feuerl\u00f6scher-Wartungsfirmen finden Sie z.B. in den \u201cGelben Seiten\u201d.<\/p>\n<\/div>\n<h3><a name=\"501266943b0dac502\"><\/a>DIE FEINEN UNTERSCHIEDE\u2026<\/h3>\n<div>\n<p>Im Baumarkt oder gelegentlich als Schn\u00e4ppchen werden \u00fcberwiegend ABC-Pulverl\u00f6scher f\u00fcr den Haushalt angeboten. Die Buchstaben \u201cA, B und C\u201d stehen f\u00fcr die verschiedenen Brandklassen, die mit dem L\u00f6scher bek\u00e4mpft werden k\u00f6nnen. Denn: Feuer ist nicht gleich Feuer.<\/p>\n<\/div>\n<h3><a name=\"501266943b0dc3304\"><\/a>DAS BEDEUTEN DIE BRANDKLASSEN:<\/h3>\n<div>\n<ul>\n<li><b>BRANDKLASSE A:\u00a0<\/b>Feste Stoffe, Verbrennung mit Glutbildung. Dazu z\u00e4hlen zum Beispiel Holz, Papier, Stroh, Kohle, Autoreifen oder Textilien.<\/li>\n<li><b>BRANDKLASSE B:<\/b>\u00a0Br\u00e4nde von fl\u00fcssigen oder fl\u00fcssig werdenden Stoffen. Zum Beispiel Kraft- oder Schmierstoffe, Fette, Lacke, Alkohol, Kerzenwachs, PVC, Teer, Paraffin.<\/li>\n<li><b>BRANDKLASSE C:<\/b>\u00a0Brennende Gase, zum Beispiel Propan, Methan, Wasserstoff, Erdgas, Stadtgas, Azetylen.<\/li>\n<li><b>BRANDKLASSE D:<\/b>\u00a0Brennende Metalle, wie zum Beispiel Magnesium, Aluminium, Kalium, Natrium, Lithium.<\/li>\n<li><b>BRANDKLASSE E:\u00a0<\/b>Diese Klasse gibt es nicht mehr \u2013 dies war einst die Brandklasse f\u00fcr Br\u00e4nde in elektrischen Niederspannungsanlagen (bis 1000 Volt)<\/li>\n<li><b>BRANDKLASSE F:<\/b>\u00a0Br\u00e4nde von Speise\u00f6len und -fetten (pflanzliche oder tierische \u00d6le und Fette) in Frittierger\u00e4ten und anderen K\u00fccheneinrichtungen.<\/li>\n<\/ul>\n<\/div>\n<div>\n<p style=\"text-align: justify;\">Sie sehen, ein ABC-L\u00f6scher kann bis auf Metallbr\u00e4nde nahezu jedes Feuer bek\u00e4mpfen. In Pulverausf\u00fchrung ist er zudem recht preiswert. Pulverl\u00f6scher haben jedoch einen entscheidenden Nachteil: Wie der Name schon sagt, verspr\u00fchen diese ein backpulver\u00e4hnliches L\u00f6schmittel. Das dringt so ziemlich in jede Ritze und Pore ein und l\u00e4sst sich nur schwer entfernen. Oft richtet das aufwirbelnde L\u00f6schmittel mehr Schaden an, als die Flammen selbst. Ganz besonders in Wohnbereichen sowie in R\u00e4umen, in denen viel Technik (Computer, Fernseher, etc.) stehen.<\/p>\n<p style=\"text-align: justify;\">Sofern es Ihr Geldbeutel zul\u00e4sst, sollten Sie deshalb pr\u00fcfen, ob ein Schaum- oder evtl. ein Wasserl\u00f6scher f\u00fcr Ihre Zwecke ausreichen. Schauml\u00f6scher sind in der Regel teurer, doch dieses L\u00f6schmittel l\u00e4sst sich wesentlich einfacher entfernen. F\u00fcr welchen Einsatzweck ben\u00f6tigen Sie Ihren Feuerl\u00f6scher? Vergleichen Sie selbst, lassen Sie sich ggf. von Fachfirmen beraten.<\/p>\n<p><b>Und vergessen Sie nicht: Lieber einen preiswerten, gepr\u00fcften Feuerl\u00f6scher, als gar keinen!<\/b><\/p>\n<\/div>\n<h3><a name=\"501266943b0e21a06\"><\/a>WELCHER FEUERL\u00d6SCHER L\u00d6SCHT WAS?<\/h3>\n<div>\n<table width=\"100%\">\n<tbody>\n<tr>\n<td align=\"left\" valign=\"top\" width=\"20%\">\u00a0<\/td>\n<td align=\"left\" valign=\"top\" width=\"20%\"><b>Brandklasse A<\/b><\/td>\n<td align=\"left\" valign=\"top\" width=\"20%\"><b>Brandklasse B<\/b><\/td>\n<td align=\"left\" valign=\"top\" width=\"20%\"><b>Brandklasse C<\/b><\/td>\n<td align=\"left\" valign=\"top\" width=\"20%\"><b>Brandklasse D<\/b><\/td>\n<\/tr>\n<tr>\n<td align=\"left\" valign=\"top\" width=\"20%\"><b>ABC-Pulverl\u00f6scher<\/b><\/td>\n<td align=\"left\" valign=\"top\" width=\"20%\">Ja<\/td>\n<td align=\"left\" valign=\"top\" width=\"20%\">Ja<\/td>\n<td align=\"left\" valign=\"top\" width=\"20%\">Ja<\/td>\n<td align=\"left\" valign=\"top\" width=\"20%\">Nein<\/td>\n<\/tr>\n<tr>\n<td align=\"left\" valign=\"top\" width=\"20%\"><b>Pulverl\u00f6scher (Metall)<\/b><\/td>\n<td align=\"left\" valign=\"top\" width=\"20%\">Nein<\/td>\n<td align=\"left\" valign=\"top\" width=\"20%\">Nein<\/td>\n<td align=\"left\" valign=\"top\" width=\"20%\">Nein<\/td>\n<td align=\"left\" valign=\"top\" width=\"20%\">Ja<\/td>\n<\/tr>\n<tr>\n<td align=\"left\" valign=\"top\" width=\"20%\"><b>Pulverl\u00f6scher (Spezial)<\/b><\/td>\n<td align=\"left\" valign=\"top\" width=\"20%\">Nein<\/td>\n<td align=\"left\" valign=\"top\" width=\"20%\">Ja<\/td>\n<td align=\"left\" valign=\"top\" width=\"20%\">Ja<\/td>\n<td align=\"left\" valign=\"top\" width=\"20%\">Nein<\/td>\n<\/tr>\n<tr>\n<td align=\"left\" valign=\"top\" width=\"20%\"><b>Schauml\u00f6scher<\/b><\/td>\n<td align=\"left\" valign=\"top\" width=\"20%\">Ja<\/td>\n<td align=\"left\" valign=\"top\" width=\"20%\">Ja*<\/td>\n<td align=\"left\" valign=\"top\" width=\"20%\">Nein<\/td>\n<td align=\"left\" valign=\"top\" width=\"20%\">Nein<\/td>\n<\/tr>\n<tr>\n<td align=\"left\" valign=\"top\" width=\"20%\"><b>Wasserl\u00f6scher<\/b><\/td>\n<td align=\"left\" valign=\"top\" width=\"20%\">Ja<\/td>\n<td align=\"left\" valign=\"top\" width=\"20%\">Nein<\/td>\n<td align=\"left\" valign=\"top\" width=\"20%\">Nein<\/td>\n<td align=\"left\" valign=\"top\" width=\"20%\">Nein<\/td>\n<\/tr>\n<tr>\n<td align=\"left\" valign=\"top\" width=\"20%\"><b>Kohlendioxidl\u00f6scher<\/b><\/td>\n<td align=\"left\" valign=\"top\" width=\"20%\">Nein<\/td>\n<td align=\"left\" valign=\"top\" width=\"20%\">Ja<\/td>\n<td align=\"left\" valign=\"top\" width=\"20%\">Nein<\/td>\n<td align=\"left\" valign=\"top\" width=\"20%\">Nein<\/td>\n<\/tr>\n<\/tbody>\n<\/table>\n<\/div>\n<div>\n<p><b>* ACHTUNG:\u00a0<\/b>Schauml\u00f6scher d\u00fcrfen nicht zur Fett- oder \u00d6lbrand-Bek\u00e4mpfung eingesetzt werden, es sei denn, es handelt sich um spezielle Fett-\/\u00d6lbrand-Feuerl\u00f6scher. Herk\u00f6mmliche Schauml\u00f6scher enthalten Wasser, was bei der Zumischung in brennendes Fett zu einer Fettexplosion f\u00fchrt!<\/p>\n<\/div>\n<\/div>\n<\/div><\/div><\/div><\/div><\/div><\/div>","protected":false},"excerpt":{"rendered":"<p>Merken Sie sich dieses Symbol:\u00a0\u00dcberall dort, wo Sie dieses Zeichen sehen, finden Sie einen Feuerl\u00f6scher. Unter Umst\u00e4nden finden Sie in [&hellip;]<\/p>\n","protected":false},"author":2,"featured_media":0,"parent":0,"menu_order":0,"comment_status":"closed","ping_status":"open","template":"","meta":{"ngg_post_thumbnail":0},"_links":{"self":[{"href":"https:\/\/www.ff-oberbach.de\/index.php?rest_route=\/wp\/v2\/pages\/55"}],"collection":[{"href":"https:\/\/www.ff-oberbach.de\/index.php?rest_route=\/wp\/v2\/pages"}],"about":[{"href":"https:\/\/www.ff-oberbach.de\/index.php?rest_route=\/wp\/v2\/types\/page"}],"author":[{"embeddable":true,"href":"https:\/\/www.ff-oberbach.de\/index.php?rest_route=\/wp\/v2\/users\/2"}],"replies":[{"embeddable":true,"href":"https:\/\/www.ff-oberbach.de\/index.php?rest_route=%2Fwp%2Fv2%2Fcomments&post=55"}],"version-history":[{"count":10,"href":"https:\/\/www.ff-oberbach.de\/index.php?rest_route=\/wp\/v2\/pages\/55\/revisions"}],"predecessor-version":[{"id":905,"href":"https:\/\/www.ff-oberbach.de\/index.php?rest_route=\/wp\/v2\/pages\/55\/revisions\/905"}],"wp:attachment":[{"href":"https:\/\/www.ff-oberbach.de\/index.php?rest_route=%2Fwp%2Fv2%2Fmedia&parent=55"}],"curies":[{"name":"wp","href":"https:\/\/api.w.org\/{rel}","templated":true}]}}